{"id":300,"date":"2024-04-09T14:24:28","date_gmt":"2024-04-09T12:24:28","guid":{"rendered":"https:\/\/www.szentkiralyi.hu\/tehetsegek\/?page_id=300"},"modified":"2024-04-09T17:16:27","modified_gmt":"2024-04-09T15:16:27","slug":"buszkesegeink","status":"publish","type":"page","link":"https:\/\/www.szentkiralyi.hu\/tehetsegek\/buszkesegeink\/","title":{"rendered":"B\u00fcszkes\u00e9geink"},"content":{"rendered":"<div class=\"wpb-content-wrapper\">[vc_row][vc_column][vc_column_text css=&#8221;.vc_custom_1712665699295{padding-top: 35px !important;padding-bottom: 35px !important;}&#8221;]\r\n<h3>B\u00fcszkes\u00e9geink<\/h3>\r\n[\/vc_column_text][\/vc_column][\/vc_row][vc_row css=&#8221;.vc_custom_1712666550141{margin-bottom: 155px !important;}&#8221;][vc_column width=&#8221;5\/12&#8243;][vc_single_image image=&#8221;330&#8243; img_size=&#8221;700&#215;940&#8243;][\/vc_column][vc_column width=&#8221;1\/12&#8243; el_class=&#8221;tartalomtartzalom&#8221;][\/vc_column][vc_column width=&#8221;6\/12&#8243;][vc_column_text el_class=&#8221;tokio&#8221;]Tokio 2020[\/vc_column_text][vc_custom_heading text=&#8221;Pusztai Liza&#8221; font_container=&#8221;tag:h3|text_align:left&#8221; use_theme_fonts=&#8221;yes&#8221;][vc_column_text css=&#8221;.vc_custom_1712665876487{padding-top: 35px !important;padding-bottom: 35px !important;}&#8221;]Liza kilenc\u00e9ves kor\u00e1ban \u00e9desanyja kezdem\u00e9nyez\u00e9s\u00e9re pr\u00f3b\u00e1lta ki a v\u00edv\u00e1st, amibe azonnal beleszeretett \u00e9s \u00e9vek \u00f3ta t\u00f6retlen lelkesed\u00e9ssel k\u00e9sz\u00fcl minden egyes megm\u00e9rettet\u00e9sre. 2017-ben, mind\u00f6ssze tizenhat \u00e9vesen, beker\u00fclt a feln\u0151tt v\u00e1logatott keret\u00e9be, ahol egy\u00e9niben bronz\u00e9rmet szerzett. A 2018-as Buenos Airesben megrendezett ifj\u00fas\u00e1gi olimpi\u00e1n egy\u00e9niben \u00e9s vegyes csapatban is arany\u00e9rmes lett. A k\u00f6vetkez\u0151 \u00e9vben is hatalmas sikereket \u00e9rt el, ugyanis a junior vil\u00e1gbajnoks\u00e1gon csapatban els\u0151 helyen v\u00e9gzett, a junior Eur\u00f3ba-bajnoks\u00e1gon pedig egy\u00e9niben els\u0151, csapatban pedig harmadik helyez\u00e9st \u00e9rt el. Szint\u00e9n 2019-ben csapatban ez\u00fcst\u00e9rmes lett az Eur\u00f3pa-bajnoks\u00e1gon. A fiatal sportol\u00f3t 2018-ban \u00e9s 2020-ban az \u00e9v magyar n\u0151i v\u00edv\u00f3j\u00e1v\u00e1 v\u00e1lasztott\u00e1k. A n\u0151i kardv\u00e1logatott a 2021 m\u00e1rcius\u00e1ban megrendezett budapesti vil\u00e1gkupaversenyen kvalifik\u00e1lta mag\u00e1t a toki\u00f3i olimpi\u00e1ra, amelyen Liza egy\u00e9ni n\u0151i kardban a 9. helyen, csapatban pedig a 8. helyen v\u00e9gzett.[\/vc_column_text][\/vc_column][\/vc_row][vc_row css=&#8221;.vc_custom_1712666573160{margin-bottom: 155px !important;}&#8221;][vc_column offset=&#8221;vc_hidden-lg vc_hidden-md vc_hidden-sm&#8221;][vc_single_image image=&#8221;331&#8243; img_size=&#8221;700&#215;940&#8243;][\/vc_column][vc_column width=&#8221;6\/12&#8243;][vc_column_text el_class=&#8221;tokio&#8221;]Tokio 2020[\/vc_column_text][vc_custom_heading text=&#8221;Kis P\u00e9ter P\u00e1l&#8221; font_container=&#8221;tag:h3|text_align:left&#8221; use_theme_fonts=&#8221;yes&#8221;][vc_column_text css=&#8221;.vc_custom_1712666085893{padding-top: 35px !important;padding-bottom: 35px !important;}&#8221;]2011-ben egy v\u00edrus t\u00e1madta meg P\u00e9ter gerincvel\u0151j\u00e9t, amelynek k\u00f6vetkezt\u00e9ben mellkas alatt leb\u00e9nult. A kajakoz\u00e1st a mozg\u00e1sjav\u00edt\u00f3 \u00e1ltal\u00e1nos iskol\u00e1ban pr\u00f3b\u00e1lta ki el\u0151sz\u00f6r: a sport eleinte tehernek t\u0171nt, \u00e1m az els\u0151 ny\u00edlt v\u00edzi dunai edz\u00e9s ut\u00e1n igazi szerelem lett sz\u00e1m\u00e1ra. Lehengerl\u0151 elsz\u00e1nts\u00e1g\u00e1nak k\u00f6sz\u00f6nhet\u0151en 14 \u00e9vesen m\u00e1r versenyeken is indult, az eredm\u00e9nyek pedig hamar z\u00e1porozni kezdtek. 2018-ban k\u00e9t magyar bajnoki bronz\u00e9remmel gazdagodott, amelyet 2019-ben egy magyar bajnoki arany\u00e9rem, egy Eur\u00f3pa-bajnoki, illetve egy vil\u00e1gbajnoki c\u00edm k\u00f6vetett. Az ifj\u00fa sportol\u00f3 remek eredm\u00e9nyeit 2019-ben Az \u00e9v fogyat\u00e9kos f\u00e9rfi sportol\u00f3ja d\u00edjjal ismert\u00e9k el. 2020-ban \u00e9s 2021-ben P\u00e9ter \u00f6sszesen h\u00e1rom \u00fajabb vil\u00e1gbajnoki \u00e9s egy Eur\u00f3pa-bajnoki c\u00edmet szerzett a parakajak vil\u00e1gkup\u00e1kon \u00e9s kontinent\u00e1lis versenyeken, \u00edgy egyenes volt az \u00fat Toki\u00f3ig. A fiatal kajakos paralimpiai rekordid\u0151vel jutott a d\u00f6nt\u0151be az \u00f6tkarik\u00e1s j\u00e1t\u00e9kokon, ahol a v\u00e1rakoz\u00e1soknak megfelel\u0151en arany\u00e9rmet szerzett, ezzel \u0151 lett a sport\u00e1g legfiatalabb magyar paralimpiai bajnoka.[\/vc_column_text][\/vc_column][vc_column width=&#8221;1\/12&#8243;][\/vc_column][vc_column width=&#8221;5\/12&#8243; el_class=&#8221;tartalomtartzalom&#8221; offset=&#8221;vc_hidden-xs&#8221;][vc_single_image image=&#8221;331&#8243; img_size=&#8221;700&#215;940&#8243;][\/vc_column][\/vc_row][vc_row css=&#8221;.vc_custom_1712666604396{margin-bottom: 155px !important;}&#8221;][vc_column width=&#8221;5\/12&#8243; el_class=&#8221;tartalomtartzalom&#8221;][vc_single_image image=&#8221;333&#8243; img_size=&#8221;700&#215;940&#8243;][\/vc_column][vc_column width=&#8221;1\/12&#8243;][\/vc_column][vc_column width=&#8221;6\/12&#8243;][vc_column_text el_class=&#8221;tokio&#8221;]Tokio 2020[\/vc_column_text][vc_custom_heading text=&#8221;N\u00e9met N\u00e1ndor&#8221; font_container=&#8221;tag:h3|text_align:left&#8221; use_theme_fonts=&#8221;yes&#8221;][vc_column_text css=&#8221;.vc_custom_1712666128529{padding-top: 35px !important;padding-bottom: 35px !important;}&#8221;]N\u00e1ndor a testv\u00e9re hat\u00e1s\u00e1ra kezdett \u00faszni, nyolc\u00e9ves kora \u00f3ta versenyszer\u0171en sportol. C\u00e9ltudatos fiatal, aki csakis \u00f6nmaga miatt versenyez, ez\u00e9rt a legnagyobb motiv\u00e1ci\u00f3t saj\u00e1t mag\u00e1t\u00f3l \u00e9s nem a k\u00fclvil\u00e1gt\u00f3l nyeri. 2017-ben a budapesti \u00fasz\u00f3 vil\u00e1gbajnoks\u00e1gon 4\u00d7100 m\u00e9teres gyors v\u00e1lt\u00f3ban harmadik helyez\u00e9st \u00e9rt el. Ugyanebben az \u00e9vben az indianapolisi ifj\u00fas\u00e1gi vil\u00e1gbajnoks\u00e1gon k\u00e9t alkalommal is a dobog\u00f3 legfels\u0151 fok\u00e1ra \u00e1llhatott: a 4\u00d7100 \u00e9s a 4\u00d7200 m\u00e9teres gyors v\u00e1lt\u00f3ban is els\u0151 helyen v\u00e9gzett csapatt\u00e1rsaival. K\u00e9t \u00e9vvel k\u00e9s\u0151bb 100 m\u00e9ter gyorson hatodik helyez\u00e9st \u00e9rt el a d\u00e9l-koreai vil\u00e1gbajnoks\u00e1gon. Gyerekkori \u00e1lma v\u00e1lt val\u00f3ra azzal, hogy kijutott a toki\u00f3i olimpi\u00e1ra, ahol 100 m\u00e9ter gyorson nyolcadik helyen v\u00e9gzett, miut\u00e1n orsz\u00e1gos cs\u00faccsal jutott a d\u00f6nt\u0151be. A magyar f\u00e9rfi 4\u00d7100-as gyorsv\u00e1lt\u00f3 csapat tagjak\u00e9nt pedig szint\u00e9n orsz\u00e1gos cs\u00faccsal az \u00f6t\u00f6dik helyen v\u00e9gzett.[\/vc_column_text][\/vc_column][\/vc_row][vc_row css=&#8221;.vc_custom_1712666647998{margin-bottom: 155px !important;}&#8221;][vc_column offset=&#8221;vc_hidden-lg vc_hidden-md vc_hidden-sm&#8221;][vc_single_image image=&#8221;332&#8243; img_size=&#8221;700&#215;940&#8243;][\/vc_column][vc_column width=&#8221;6\/12&#8243; el_class=&#8221;tartalomtartzalom&#8221;][vc_column_text el_class=&#8221;tokio&#8221;]Tokio 2020[\/vc_column_text][vc_custom_heading text=&#8221;Varga \u00c1d\u00e1m&#8221; font_container=&#8221;tag:h3|text_align:left&#8221; use_theme_fonts=&#8221;yes&#8221;][vc_column_text css=&#8221;.vc_custom_1712666192422{padding-top: 35px !important;padding-bottom: 35px !important;}&#8221;]\u00c1d\u00e1m sportkarrierje az \u00fasz\u00e1ssal kezd\u0151d\u00f6tt hat\u00e9ves kor\u00e1ban, azonban n\u00e9h\u00e1ny \u00e9v ut\u00e1n kajakra v\u00e1ltott. A kezdeti hobbi hamar versenyszer\u0171 sportt\u00e1 alakult. Ifj\u00fas\u00e1gi sportol\u00f3k\u00e9nt tizenn\u00e9gy alkalommal \u00e1llhatott a dobog\u00f3 legfels\u0151 fok\u00e1n mind egy\u00e9ni, mind pedig p\u00e1ros vagy csapathaj\u00f3ban, 500, 1000 \u00e9s 4000 m\u00e9teres sz\u00e1mokban is. Egyik legnagyobb ut\u00e1np\u00f3tl\u00e1skor\u00fa sikere, hogy a 2017-es minszki ifj\u00fas\u00e1gi vil\u00e1gbajnoks\u00e1gon 1. helyez\u00e9st \u00e9rt el egy\u00e9niben, 500 m\u00e9teren. A 2019-es U23-as vil\u00e1gbajnoks\u00e1gon 1000 m\u00e9teren n\u00e9gyesben m\u00e1sodik, egy\u00e9niben pedig harmadik lett. 2020-ban szint\u00e9n harmadik helyen v\u00e9gzett a kajak-kenu vil\u00e1gkup\u00e1n. Az olimpi\u00e1ra t\u00f6rt\u00e9n\u0151 hossz\u00fa \u00e9s megfesz\u00edtett felk\u00e9sz\u00fcl\u00e9s meghozta gy\u00fcm\u00f6lcs\u00e9t, \u00c1d\u00e1m ugyanis m\u00e1sodik helyen v\u00e9gzett egy\u00e9niben 1000 m\u00e9teren Toki\u00f3ban. Elmond\u00e1sa szerint itthon m\u00e9g a harmadik hellyel is kiegyezett volna, az ez\u00fcst\u00e9rem azonban hatalmas \u00f6r\u00f6m\u00f6t szerzett neki.[\/vc_column_text][\/vc_column][vc_column width=&#8221;1\/12&#8243;][\/vc_column][vc_column width=&#8221;5\/12&#8243; offset=&#8221;vc_hidden-xs&#8221;][vc_single_image image=&#8221;332&#8243; img_size=&#8221;700&#215;940&#8243;][\/vc_column][\/vc_row]<\/div>","protected":false},"excerpt":{"rendered":"<p>[vc_row][vc_column][vc_column_text css=&#8221;.vc_custom_1712665699295{padding-top: 35px !important;padding-bottom: 35px !important;}&#8221;] B\u00fcszkes\u00e9geink [\/vc_column_text][\/vc_column][\/vc_row][vc_row css=&#8221;.vc_custom_1712666550141{margin-bottom: 155px !important;}&#8221;][vc_column width=&#8221;5\/12&#8243;][vc_single_image image=&#8221;330&#8243; img_size=&#8221;700&#215;940&#8243;][\/vc_column][vc_column width=&#8221;1\/12&#8243; el_class=&#8221;tartalomtartzalom&#8221;][\/vc_column][vc_column width=&#8221;6\/12&#8243;][vc_column_text el_class=&#8221;tokio&#8221;]Tokio 2020[\/vc_column_text][vc_custom_heading text=&#8221;Pusztai Liza&#8221; font_container=&#8221;tag:h3|text_align:left&#8221; use_theme_fonts=&#8221;yes&#8221;][vc_column_text css=&#8221;.vc_custom_1712665876487{padding-top: 35px !important;padding-bottom: 35px !important;}&#8221;]Liza kilenc\u00e9ves kor\u00e1ban \u00e9desanyja kezdem\u00e9nyez\u00e9s\u00e9re pr\u00f3b\u00e1lta ki a v\u00edv\u00e1st, amibe azonnal beleszeretett \u00e9s \u00e9vek \u00f3ta t\u00f6retlen lelkesed\u00e9ssel k\u00e9sz\u00fcl minden egyes megm\u00e9rettet\u00e9sre. 2017-ben, mind\u00f6ssze tizenhat \u00e9vesen, beker\u00fclt a feln\u0151tt&hellip;<\/p>\n","protected":false},"author":1,"featured_media":307,"parent":0,"menu_order":5,"comment_status":"closed","ping_status":"closed","template":"","meta":{"_acf_changed":false,"footnotes":""},"class_list":["post-300","page","type-page","status-publish","has-post-thumbnail","hentry"],"acf":[],"yoast_head":"<!-- This site is optimized with the Yoast SEO plugin v22.4 - https:\/\/yoast.com\/wordpress\/plugins\/seo\/ -->\n<title>B\u00fcszkes\u00e9geink - Szentkir\u00e1lyi Tehets\u00e9gprogram 2024<\/title>\n<meta name=\"robots\" content=\"index, follow, max-snippet:-1, max-image-preview:large, max-video-preview:-1\" \/>\n<link rel=\"canonical\" href=\"https:\/\/www.szentkiralyi.hu\/tehetsegek\/buszkesegeink\/\" \/>\n<meta property=\"og:locale\" content=\"hu_HU\" \/>\n<meta property=\"og:type\" content=\"article\" \/>\n<meta property=\"og:title\" content=\"B\u00fcszkes\u00e9geink - Szentkir\u00e1lyi Tehets\u00e9gprogram 2024\" \/>\n<meta property=\"og:description\" content=\"[vc_row][vc_column][vc_column_text css=&#8221;.vc_custom_1712665699295{padding-top: 35px !important;padding-bottom: 35px !important;}&#8221;] B\u00fcszkes\u00e9geink [\/vc_column_text][\/vc_column][\/vc_row][vc_row css=&#8221;.vc_custom_1712666550141{margin-bottom: 155px !important;}&#8221;][vc_column width=&#8221;5\/12&#8243;][vc_single_image image=&#8221;330&#8243; img_size=&#8221;700&#215;940&#8243;][\/vc_column][vc_column width=&#8221;1\/12&#8243; el_class=&#8221;tartalomtartzalom&#8221;][\/vc_column][vc_column width=&#8221;6\/12&#8243;][vc_column_text el_class=&#8221;tokio&#8221;]Tokio 2020[\/vc_column_text][vc_custom_heading text=&#8221;Pusztai Liza&#8221; font_container=&#8221;tag:h3|text_align:left&#8221; use_theme_fonts=&#8221;yes&#8221;][vc_column_text css=&#8221;.vc_custom_1712665876487{padding-top: 35px !important;padding-bottom: 35px !important;}&#8221;]Liza kilenc\u00e9ves kor\u00e1ban \u00e9desanyja kezdem\u00e9nyez\u00e9s\u00e9re pr\u00f3b\u00e1lta ki a v\u00edv\u00e1st, amibe azonnal beleszeretett \u00e9s \u00e9vek \u00f3ta t\u00f6retlen lelkesed\u00e9ssel k\u00e9sz\u00fcl minden egyes megm\u00e9rettet\u00e9sre. 2017-ben, mind\u00f6ssze tizenhat \u00e9vesen, beker\u00fclt a feln\u0151tt&hellip;\" \/>\n<meta property=\"og:url\" content=\"https:\/\/www.szentkiralyi.hu\/tehetsegek\/buszkesegeink\/\" \/>\n<meta property=\"og:site_name\" content=\"Szentkir\u00e1lyi Tehets\u00e9gprogram 2024\" \/>\n<meta property=\"article:publisher\" content=\"https:\/\/www.facebook.com\/Szentkiralyi.Asvanyviz\" \/>\n<meta property=\"article:modified_time\" content=\"2024-04-09T15:16:27+00:00\" \/>\n<meta property=\"og:image\" content=\"https:\/\/www.szentkiralyi.hu\/tehetsegek\/wp-content\/uploads\/2024\/04\/bb985a01ed0515d39ede6e9b9b2b459f.png\" \/>\n\t<meta property=\"og:image:width\" content=\"770\" \/>\n\t<meta property=\"og:image:height\" content=\"578\" \/>\n\t<meta property=\"og:image:type\" content=\"image\/png\" \/>\n<meta name=\"twitter:card\" content=\"summary_large_image\" \/>\n<meta name=\"twitter:label1\" content=\"Becs\u00fclt olvas\u00e1si id\u0151\" \/>\n\t<meta name=\"twitter:data1\" content=\"6 perc\" \/>\n<script type=\"application\/ld+json\" class=\"yoast-schema-graph\">{\"@context\":\"https:\/\/schema.org\",\"@graph\":[{\"@type\":\"WebPage\",\"@id\":\"https:\/\/www.szentkiralyi.hu\/tehetsegek\/buszkesegeink\/\",\"url\":\"https:\/\/www.szentkiralyi.hu\/tehetsegek\/buszkesegeink\/\",\"name\":\"B\u00fcszkes\u00e9geink - Szentkir\u00e1lyi Tehets\u00e9gprogram 2024\",\"isPartOf\":{\"@id\":\"https:\/\/www.szentkiralyi.hu\/tehetsegek\/#website\"},\"primaryImageOfPage\":{\"@id\":\"https:\/\/www.szentkiralyi.hu\/tehetsegek\/buszkesegeink\/#primaryimage\"},\"image\":{\"@id\":\"https:\/\/www.szentkiralyi.hu\/tehetsegek\/buszkesegeink\/#primaryimage\"},\"thumbnailUrl\":\"https:\/\/www.szentkiralyi.hu\/tehetsegek\/wp-content\/uploads\/2024\/04\/bb985a01ed0515d39ede6e9b9b2b459f.png\",\"datePublished\":\"2024-04-09T12:24:28+00:00\",\"dateModified\":\"2024-04-09T15:16:27+00:00\",\"breadcrumb\":{\"@id\":\"https:\/\/www.szentkiralyi.hu\/tehetsegek\/buszkesegeink\/#breadcrumb\"},\"inLanguage\":\"hu\",\"potentialAction\":[{\"@type\":\"ReadAction\",\"target\":[\"https:\/\/www.szentkiralyi.hu\/tehetsegek\/buszkesegeink\/\"]}]},{\"@type\":\"ImageObject\",\"inLanguage\":\"hu\",\"@id\":\"https:\/\/www.szentkiralyi.hu\/tehetsegek\/buszkesegeink\/#primaryimage\",\"url\":\"https:\/\/www.szentkiralyi.hu\/tehetsegek\/wp-content\/uploads\/2024\/04\/bb985a01ed0515d39ede6e9b9b2b459f.png\",\"contentUrl\":\"https:\/\/www.szentkiralyi.hu\/tehetsegek\/wp-content\/uploads\/2024\/04\/bb985a01ed0515d39ede6e9b9b2b459f.png\",\"width\":770,\"height\":578},{\"@type\":\"BreadcrumbList\",\"@id\":\"https:\/\/www.szentkiralyi.hu\/tehetsegek\/buszkesegeink\/#breadcrumb\",\"itemListElement\":[{\"@type\":\"ListItem\",\"position\":1,\"name\":\"Kezd\u0151lap\",\"item\":\"https:\/\/www.szentkiralyi.hu\/tehetsegek\/\"},{\"@type\":\"ListItem\",\"position\":2,\"name\":\"B\u00fcszkes\u00e9geink\"}]},{\"@type\":\"WebSite\",\"@id\":\"https:\/\/www.szentkiralyi.hu\/tehetsegek\/#website\",\"url\":\"https:\/\/www.szentkiralyi.hu\/tehetsegek\/\",\"name\":\"Szentkir\u00e1lyi Tehets\u00e9gprogram 2024\",\"description\":\"\",\"publisher\":{\"@id\":\"https:\/\/www.szentkiralyi.hu\/tehetsegek\/#organization\"},\"potentialAction\":[{\"@type\":\"SearchAction\",\"target\":{\"@type\":\"EntryPoint\",\"urlTemplate\":\"https:\/\/www.szentkiralyi.hu\/tehetsegek\/?s={search_term_string}\"},\"query-input\":\"required name=search_term_string\"}],\"inLanguage\":\"hu\"},{\"@type\":\"Organization\",\"@id\":\"https:\/\/www.szentkiralyi.hu\/tehetsegek\/#organization\",\"name\":\"Szentkir\u00e1lyi Tehets\u00e9gprogram 2024\",\"url\":\"https:\/\/www.szentkiralyi.hu\/tehetsegek\/\",\"logo\":{\"@type\":\"ImageObject\",\"inLanguage\":\"hu\",\"@id\":\"https:\/\/www.szentkiralyi.hu\/tehetsegek\/#\/schema\/logo\/image\/\",\"url\":\"https:\/\/www.szentkiralyi.hu\/tehetsegek\/wp-content\/uploads\/2024\/04\/szklogo.png\",\"contentUrl\":\"https:\/\/www.szentkiralyi.hu\/tehetsegek\/wp-content\/uploads\/2024\/04\/szklogo.png\",\"width\":1015,\"height\":647,\"caption\":\"Szentkir\u00e1lyi Tehets\u00e9gprogram 2024\"},\"image\":{\"@id\":\"https:\/\/www.szentkiralyi.hu\/tehetsegek\/#\/schema\/logo\/image\/\"},\"sameAs\":[\"https:\/\/www.facebook.com\/Szentkiralyi.Asvanyviz\",\"https:\/\/www.instagram.com\/szentkiralyi_asvanyviz\/\"]}]}<\/script>\n<!-- \/ Yoast SEO plugin. -->","yoast_head_json":{"title":"B\u00fcszkes\u00e9geink - Szentkir\u00e1lyi Tehets\u00e9gprogram 2024","robots":{"index":"index","follow":"follow","max-snippet":"max-snippet:-1","max-image-preview":"max-image-preview:large","max-video-preview":"max-video-preview:-1"},"canonical":"https:\/\/www.szentkiralyi.hu\/tehetsegek\/buszkesegeink\/","og_locale":"hu_HU","og_type":"article","og_title":"B\u00fcszkes\u00e9geink - Szentkir\u00e1lyi Tehets\u00e9gprogram 2024","og_description":"[vc_row][vc_column][vc_column_text css=&#8221;.vc_custom_1712665699295{padding-top: 35px !important;padding-bottom: 35px !important;}&#8221;] B\u00fcszkes\u00e9geink [\/vc_column_text][\/vc_column][\/vc_row][vc_row css=&#8221;.vc_custom_1712666550141{margin-bottom: 155px !important;}&#8221;][vc_column width=&#8221;5\/12&#8243;][vc_single_image image=&#8221;330&#8243; img_size=&#8221;700&#215;940&#8243;][\/vc_column][vc_column width=&#8221;1\/12&#8243; el_class=&#8221;tartalomtartzalom&#8221;][\/vc_column][vc_column width=&#8221;6\/12&#8243;][vc_column_text el_class=&#8221;tokio&#8221;]Tokio 2020[\/vc_column_text][vc_custom_heading text=&#8221;Pusztai Liza&#8221; font_container=&#8221;tag:h3|text_align:left&#8221; use_theme_fonts=&#8221;yes&#8221;][vc_column_text css=&#8221;.vc_custom_1712665876487{padding-top: 35px !important;padding-bottom: 35px !important;}&#8221;]Liza kilenc\u00e9ves kor\u00e1ban \u00e9desanyja kezdem\u00e9nyez\u00e9s\u00e9re pr\u00f3b\u00e1lta ki a v\u00edv\u00e1st, amibe azonnal beleszeretett \u00e9s \u00e9vek \u00f3ta t\u00f6retlen lelkesed\u00e9ssel k\u00e9sz\u00fcl minden egyes megm\u00e9rettet\u00e9sre. 2017-ben, mind\u00f6ssze tizenhat \u00e9vesen, beker\u00fclt a feln\u0151tt&hellip;","og_url":"https:\/\/www.szentkiralyi.hu\/tehetsegek\/buszkesegeink\/","og_site_name":"Szentkir\u00e1lyi Tehets\u00e9gprogram 2024","article_publisher":"https:\/\/www.facebook.com\/Szentkiralyi.Asvanyviz","article_modified_time":"2024-04-09T15:16:27+00:00","og_image":[{"width":770,"height":578,"url":"https:\/\/www.szentkiralyi.hu\/tehetsegek\/wp-content\/uploads\/2024\/04\/bb985a01ed0515d39ede6e9b9b2b459f.png","type":"image\/png"}],"twitter_card":"summary_large_image","twitter_misc":{"Becs\u00fclt olvas\u00e1si id\u0151":"6 perc"},"schema":{"@context":"https:\/\/schema.org","@graph":[{"@type":"WebPage","@id":"https:\/\/www.szentkiralyi.hu\/tehetsegek\/buszkesegeink\/","url":"https:\/\/www.szentkiralyi.hu\/tehetsegek\/buszkesegeink\/","name":"B\u00fcszkes\u00e9geink - Szentkir\u00e1lyi Tehets\u00e9gprogram 2024","isPartOf":{"@id":"https:\/\/www.szentkiralyi.hu\/tehetsegek\/#website"},"primaryImageOfPage":{"@id":"https:\/\/www.szentkiralyi.hu\/tehetsegek\/buszkesegeink\/#primaryimage"},"image":{"@id":"https:\/\/www.szentkiralyi.hu\/tehetsegek\/buszkesegeink\/#primaryimage"},"thumbnailUrl":"https:\/\/www.szentkiralyi.hu\/tehetsegek\/wp-content\/uploads\/2024\/04\/bb985a01ed0515d39ede6e9b9b2b459f.png","datePublished":"2024-04-09T12:24:28+00:00","dateModified":"2024-04-09T15:16:27+00:00","breadcrumb":{"@id":"https:\/\/www.szentkiralyi.hu\/tehetsegek\/buszkesegeink\/#breadcrumb"},"inLanguage":"hu","potentialAction":[{"@type":"ReadAction","target":["https:\/\/www.szentkiralyi.hu\/tehetsegek\/buszkesegeink\/"]}]},{"@type":"ImageObject","inLanguage":"hu","@id":"https:\/\/www.szentkiralyi.hu\/tehetsegek\/buszkesegeink\/#primaryimage","url":"https:\/\/www.szentkiralyi.hu\/tehetsegek\/wp-content\/uploads\/2024\/04\/bb985a01ed0515d39ede6e9b9b2b459f.png","contentUrl":"https:\/\/www.szentkiralyi.hu\/tehetsegek\/wp-content\/uploads\/2024\/04\/bb985a01ed0515d39ede6e9b9b2b459f.png","width":770,"height":578},{"@type":"BreadcrumbList","@id":"https:\/\/www.szentkiralyi.hu\/tehetsegek\/buszkesegeink\/#breadcrumb","itemListElement":[{"@type":"ListItem","position":1,"name":"Kezd\u0151lap","item":"https:\/\/www.szentkiralyi.hu\/tehetsegek\/"},{"@type":"ListItem","position":2,"name":"B\u00fcszkes\u00e9geink"}]},{"@type":"WebSite","@id":"https:\/\/www.szentkiralyi.hu\/tehetsegek\/#website","url":"https:\/\/www.szentkiralyi.hu\/tehetsegek\/","name":"Szentkir\u00e1lyi Tehets\u00e9gprogram 2024","description":"","publisher":{"@id":"https:\/\/www.szentkiralyi.hu\/tehetsegek\/#organization"},"potentialAction":[{"@type":"SearchAction","target":{"@type":"EntryPoint","urlTemplate":"https:\/\/www.szentkiralyi.hu\/tehetsegek\/?s={search_term_string}"},"query-input":"required name=search_term_string"}],"inLanguage":"hu"},{"@type":"Organization","@id":"https:\/\/www.szentkiralyi.hu\/tehetsegek\/#organization","name":"Szentkir\u00e1lyi Tehets\u00e9gprogram 2024","url":"https:\/\/www.szentkiralyi.hu\/tehetsegek\/","logo":{"@type":"ImageObject","inLanguage":"hu","@id":"https:\/\/www.szentkiralyi.hu\/tehetsegek\/#\/schema\/logo\/image\/","url":"https:\/\/www.szentkiralyi.hu\/tehetsegek\/wp-content\/uploads\/2024\/04\/szklogo.png","contentUrl":"https:\/\/www.szentkiralyi.hu\/tehetsegek\/wp-content\/uploads\/2024\/04\/szklogo.png","width":1015,"height":647,"caption":"Szentkir\u00e1lyi Tehets\u00e9gprogram 2024"},"image":{"@id":"https:\/\/www.szentkiralyi.hu\/tehetsegek\/#\/schema\/logo\/image\/"},"sameAs":["https:\/\/www.facebook.com\/Szentkiralyi.Asvanyviz","https:\/\/www.instagram.com\/szentkiralyi_asvanyviz\/"]}]}},"_links":{"self":[{"href":"https:\/\/www.szentkiralyi.hu\/tehetsegek\/wp-json\/wp\/v2\/pages\/300","targetHints":{"allow":["GET"]}}],"collection":[{"href":"https:\/\/www.szentkiralyi.hu\/tehetsegek\/wp-json\/wp\/v2\/pages"}],"about":[{"href":"https:\/\/www.szentkiralyi.hu\/tehetsegek\/wp-json\/wp\/v2\/types\/page"}],"author":[{"embeddable":true,"href":"https:\/\/www.szentkiralyi.hu\/tehetsegek\/wp-json\/wp\/v2\/users\/1"}],"replies":[{"embeddable":true,"href":"https:\/\/www.szentkiralyi.hu\/tehetsegek\/wp-json\/wp\/v2\/comments?post=300"}],"version-history":[{"count":20,"href":"https:\/\/www.szentkiralyi.hu\/tehetsegek\/wp-json\/wp\/v2\/pages\/300\/revisions"}],"predecessor-version":[{"id":340,"href":"https:\/\/www.szentkiralyi.hu\/tehetsegek\/wp-json\/wp\/v2\/pages\/300\/revisions\/340"}],"wp:featuredmedia":[{"embeddable":true,"href":"https:\/\/www.szentkiralyi.hu\/tehetsegek\/wp-json\/wp\/v2\/media\/307"}],"wp:attachment":[{"href":"https:\/\/www.szentkiralyi.hu\/tehetsegek\/wp-json\/wp\/v2\/media?parent=300"}],"curies":[{"name":"wp","href":"https:\/\/api.w.org\/{rel}","templated":true}]}}