{"id":1017,"date":"2024-09-02T07:47:29","date_gmt":"2024-09-02T05:47:29","guid":{"rendered":"https:\/\/www.szentkiralyi.hu\/tehetsegek\/?page_id=1017"},"modified":"2025-01-14T09:06:28","modified_gmt":"2025-01-14T08:06:28","slug":"2024-es-nyeremenyjatek-nyertese","status":"publish","type":"page","link":"https:\/\/www.szentkiralyi.hu\/tehetsegek\/2024-es-nyeremenyjatek-nyertese\/","title":{"rendered":"2024-es nyerem\u00e9nyj\u00e1t\u00e9k nyertese"},"content":{"rendered":"<div class=\"wpb-content-wrapper\">[vc_row full_height=&#8221;yes&#8221;][vc_column][vc_column_text]\r\n<h3 style=\"text-align: center;\"><\/h3>\r\n<h3 style=\"text-align: center;\">Gratul\u00e1lunk! A nyertes K. Barbara!<\/h3>\r\n<p style=\"text-align: center;\">A nyertest e-mailben \u00e9rtes\u00edtett\u00fck. Az aut\u00f3t pedig \u00e1tadtuk szerencs\u00e9sen!<\/p>\r\n<p style=\"text-align: center;\">Ezut\u00f3n is sok \u00f6r\u00f6m\u00f6t k\u00edv\u00e1nunk az \u00faj tulajdonos\u00e1nak!<\/p>\r\n[\/vc_column_text][\/vc_column][\/vc_row]<\/div>","protected":false},"excerpt":{"rendered":"<p>[vc_row full_height=&#8221;yes&#8221;][vc_column][vc_column_text] Gratul\u00e1lunk! A nyertes K. Barbara! A nyertest e-mailben \u00e9rtes\u00edtett\u00fck. Az aut\u00f3t pedig \u00e1tadtuk szerencs\u00e9sen! Ezut\u00f3n is sok \u00f6r\u00f6m\u00f6t k\u00edv\u00e1nunk az \u00faj tulajdonos\u00e1nak! [\/vc_column_text][\/vc_column][\/vc_row]<\/p>\n","protected":false},"author":1,"featured_media":0,"parent":0,"menu_order":1,"comment_status":"closed","ping_status":"closed","template":"","meta":{"_acf_changed":false,"footnotes":""},"class_list":["post-1017","page","type-page","status-publish","hentry"],"acf":[],"yoast_head":"<!-- This site is optimized with the Yoast SEO plugin v22.4 - https:\/\/yoast.com\/wordpress\/plugins\/seo\/ -->\n<title>2024-es nyerem\u00e9nyj\u00e1t\u00e9k nyertese - Szentkir\u00e1lyi Tehets\u00e9gprogram 2024<\/title>\n<meta name=\"robots\" content=\"index, follow, max-snippet:-1, max-image-preview:large, max-video-preview:-1\" \/>\n<link rel=\"canonical\" href=\"https:\/\/www.szentkiralyi.hu\/tehetsegek\/2024-es-nyeremenyjatek-nyertese\/\" \/>\n<meta property=\"og:locale\" content=\"hu_HU\" \/>\n<meta property=\"og:type\" content=\"article\" \/>\n<meta property=\"og:title\" content=\"2024-es nyerem\u00e9nyj\u00e1t\u00e9k nyertese - Szentkir\u00e1lyi Tehets\u00e9gprogram 2024\" \/>\n<meta property=\"og:description\" content=\"[vc_row full_height=&#8221;yes&#8221;][vc_column][vc_column_text] Gratul\u00e1lunk! A nyertes K. Barbara! A nyertest e-mailben \u00e9rtes\u00edtett\u00fck. Az aut\u00f3t pedig \u00e1tadtuk szerencs\u00e9sen! Ezut\u00f3n is sok \u00f6r\u00f6m\u00f6t k\u00edv\u00e1nunk az \u00faj tulajdonos\u00e1nak! [\/vc_column_text][\/vc_column][\/vc_row]\" \/>\n<meta property=\"og:url\" content=\"https:\/\/www.szentkiralyi.hu\/tehetsegek\/2024-es-nyeremenyjatek-nyertese\/\" \/>\n<meta property=\"og:site_name\" content=\"Szentkir\u00e1lyi Tehets\u00e9gprogram 2024\" \/>\n<meta property=\"article:publisher\" content=\"https:\/\/www.facebook.com\/Szentkiralyi.Asvanyviz\" \/>\n<meta property=\"article:modified_time\" content=\"2025-01-14T08:06:28+00:00\" \/>\n<meta name=\"twitter:card\" content=\"summary_large_image\" \/>\n<meta name=\"twitter:label1\" content=\"Becs\u00fclt olvas\u00e1si id\u0151\" \/>\n\t<meta name=\"twitter:data1\" content=\"1 perc\" \/>\n<script type=\"application\/ld+json\" class=\"yoast-schema-graph\">{\"@context\":\"https:\/\/schema.org\",\"@graph\":[{\"@type\":\"WebPage\",\"@id\":\"https:\/\/www.szentkiralyi.hu\/tehetsegek\/2024-es-nyeremenyjatek-nyertese\/\",\"url\":\"https:\/\/www.szentkiralyi.hu\/tehetsegek\/2024-es-nyeremenyjatek-nyertese\/\",\"name\":\"2024-es nyerem\u00e9nyj\u00e1t\u00e9k nyertese - Szentkir\u00e1lyi Tehets\u00e9gprogram 2024\",\"isPartOf\":{\"@id\":\"https:\/\/www.szentkiralyi.hu\/tehetsegek\/#website\"},\"datePublished\":\"2024-09-02T05:47:29+00:00\",\"dateModified\":\"2025-01-14T08:06:28+00:00\",\"breadcrumb\":{\"@id\":\"https:\/\/www.szentkiralyi.hu\/tehetsegek\/2024-es-nyeremenyjatek-nyertese\/#breadcrumb\"},\"inLanguage\":\"hu\",\"potentialAction\":[{\"@type\":\"ReadAction\",\"target\":[\"https:\/\/www.szentkiralyi.hu\/tehetsegek\/2024-es-nyeremenyjatek-nyertese\/\"]}]},{\"@type\":\"BreadcrumbList\",\"@id\":\"https:\/\/www.szentkiralyi.hu\/tehetsegek\/2024-es-nyeremenyjatek-nyertese\/#breadcrumb\",\"itemListElement\":[{\"@type\":\"ListItem\",\"position\":1,\"name\":\"Kezd\u0151lap\",\"item\":\"https:\/\/www.szentkiralyi.hu\/tehetsegek\/\"},{\"@type\":\"ListItem\",\"position\":2,\"name\":\"2024-es nyerem\u00e9nyj\u00e1t\u00e9k nyertese\"}]},{\"@type\":\"WebSite\",\"@id\":\"https:\/\/www.szentkiralyi.hu\/tehetsegek\/#website\",\"url\":\"https:\/\/www.szentkiralyi.hu\/tehetsegek\/\",\"name\":\"Szentkir\u00e1lyi Tehets\u00e9gprogram 2024\",\"description\":\"\",\"publisher\":{\"@id\":\"https:\/\/www.szentkiralyi.hu\/tehetsegek\/#organization\"},\"potentialAction\":[{\"@type\":\"SearchAction\",\"target\":{\"@type\":\"EntryPoint\",\"urlTemplate\":\"https:\/\/www.szentkiralyi.hu\/tehetsegek\/?s={search_term_string}\"},\"query-input\":\"required name=search_term_string\"}],\"inLanguage\":\"hu\"},{\"@type\":\"Organization\",\"@id\":\"https:\/\/www.szentkiralyi.hu\/tehetsegek\/#organization\",\"name\":\"Szentkir\u00e1lyi Tehets\u00e9gprogram 2024\",\"url\":\"https:\/\/www.szentkiralyi.hu\/tehetsegek\/\",\"logo\":{\"@type\":\"ImageObject\",\"inLanguage\":\"hu\",\"@id\":\"https:\/\/www.szentkiralyi.hu\/tehetsegek\/#\/schema\/logo\/image\/\",\"url\":\"https:\/\/www.szentkiralyi.hu\/tehetsegek\/wp-content\/uploads\/2024\/04\/szklogo.png\",\"contentUrl\":\"https:\/\/www.szentkiralyi.hu\/tehetsegek\/wp-content\/uploads\/2024\/04\/szklogo.png\",\"width\":1015,\"height\":647,\"caption\":\"Szentkir\u00e1lyi Tehets\u00e9gprogram 2024\"},\"image\":{\"@id\":\"https:\/\/www.szentkiralyi.hu\/tehetsegek\/#\/schema\/logo\/image\/\"},\"sameAs\":[\"https:\/\/www.facebook.com\/Szentkiralyi.Asvanyviz\",\"https:\/\/www.instagram.com\/szentkiralyi_asvanyviz\/\"]}]}<\/script>\n<!-- \/ Yoast SEO plugin. -->","yoast_head_json":{"title":"2024-es nyerem\u00e9nyj\u00e1t\u00e9k nyertese - Szentkir\u00e1lyi Tehets\u00e9gprogram 2024","robots":{"index":"index","follow":"follow","max-snippet":"max-snippet:-1","max-image-preview":"max-image-preview:large","max-video-preview":"max-video-preview:-1"},"canonical":"https:\/\/www.szentkiralyi.hu\/tehetsegek\/2024-es-nyeremenyjatek-nyertese\/","og_locale":"hu_HU","og_type":"article","og_title":"2024-es nyerem\u00e9nyj\u00e1t\u00e9k nyertese - Szentkir\u00e1lyi Tehets\u00e9gprogram 2024","og_description":"[vc_row full_height=&#8221;yes&#8221;][vc_column][vc_column_text] Gratul\u00e1lunk! A nyertes K. Barbara! A nyertest e-mailben \u00e9rtes\u00edtett\u00fck. Az aut\u00f3t pedig \u00e1tadtuk szerencs\u00e9sen! Ezut\u00f3n is sok \u00f6r\u00f6m\u00f6t k\u00edv\u00e1nunk az \u00faj tulajdonos\u00e1nak! [\/vc_column_text][\/vc_column][\/vc_row]","og_url":"https:\/\/www.szentkiralyi.hu\/tehetsegek\/2024-es-nyeremenyjatek-nyertese\/","og_site_name":"Szentkir\u00e1lyi Tehets\u00e9gprogram 2024","article_publisher":"https:\/\/www.facebook.com\/Szentkiralyi.Asvanyviz","article_modified_time":"2025-01-14T08:06:28+00:00","twitter_card":"summary_large_image","twitter_misc":{"Becs\u00fclt olvas\u00e1si id\u0151":"1 perc"},"schema":{"@context":"https:\/\/schema.org","@graph":[{"@type":"WebPage","@id":"https:\/\/www.szentkiralyi.hu\/tehetsegek\/2024-es-nyeremenyjatek-nyertese\/","url":"https:\/\/www.szentkiralyi.hu\/tehetsegek\/2024-es-nyeremenyjatek-nyertese\/","name":"2024-es nyerem\u00e9nyj\u00e1t\u00e9k nyertese - Szentkir\u00e1lyi Tehets\u00e9gprogram 2024","isPartOf":{"@id":"https:\/\/www.szentkiralyi.hu\/tehetsegek\/#website"},"datePublished":"2024-09-02T05:47:29+00:00","dateModified":"2025-01-14T08:06:28+00:00","breadcrumb":{"@id":"https:\/\/www.szentkiralyi.hu\/tehetsegek\/2024-es-nyeremenyjatek-nyertese\/#breadcrumb"},"inLanguage":"hu","potentialAction":[{"@type":"ReadAction","target":["https:\/\/www.szentkiralyi.hu\/tehetsegek\/2024-es-nyeremenyjatek-nyertese\/"]}]},{"@type":"BreadcrumbList","@id":"https:\/\/www.szentkiralyi.hu\/tehetsegek\/2024-es-nyeremenyjatek-nyertese\/#breadcrumb","itemListElement":[{"@type":"ListItem","position":1,"name":"Kezd\u0151lap","item":"https:\/\/www.szentkiralyi.hu\/tehetsegek\/"},{"@type":"ListItem","position":2,"name":"2024-es nyerem\u00e9nyj\u00e1t\u00e9k nyertese"}]},{"@type":"WebSite","@id":"https:\/\/www.szentkiralyi.hu\/tehetsegek\/#website","url":"https:\/\/www.szentkiralyi.hu\/tehetsegek\/","name":"Szentkir\u00e1lyi Tehets\u00e9gprogram 2024","description":"","publisher":{"@id":"https:\/\/www.szentkiralyi.hu\/tehetsegek\/#organization"},"potentialAction":[{"@type":"SearchAction","target":{"@type":"EntryPoint","urlTemplate":"https:\/\/www.szentkiralyi.hu\/tehetsegek\/?s={search_term_string}"},"query-input":"required name=search_term_string"}],"inLanguage":"hu"},{"@type":"Organization","@id":"https:\/\/www.szentkiralyi.hu\/tehetsegek\/#organization","name":"Szentkir\u00e1lyi Tehets\u00e9gprogram 2024","url":"https:\/\/www.szentkiralyi.hu\/tehetsegek\/","logo":{"@type":"ImageObject","inLanguage":"hu","@id":"https:\/\/www.szentkiralyi.hu\/tehetsegek\/#\/schema\/logo\/image\/","url":"https:\/\/www.szentkiralyi.hu\/tehetsegek\/wp-content\/uploads\/2024\/04\/szklogo.png","contentUrl":"https:\/\/www.szentkiralyi.hu\/tehetsegek\/wp-content\/uploads\/2024\/04\/szklogo.png","width":1015,"height":647,"caption":"Szentkir\u00e1lyi Tehets\u00e9gprogram 2024"},"image":{"@id":"https:\/\/www.szentkiralyi.hu\/tehetsegek\/#\/schema\/logo\/image\/"},"sameAs":["https:\/\/www.facebook.com\/Szentkiralyi.Asvanyviz","https:\/\/www.instagram.com\/szentkiralyi_asvanyviz\/"]}]}},"_links":{"self":[{"href":"https:\/\/www.szentkiralyi.hu\/tehetsegek\/wp-json\/wp\/v2\/pages\/1017","targetHints":{"allow":["GET"]}}],"collection":[{"href":"https:\/\/www.szentkiralyi.hu\/tehetsegek\/wp-json\/wp\/v2\/pages"}],"about":[{"href":"https:\/\/www.szentkiralyi.hu\/tehetsegek\/wp-json\/wp\/v2\/types\/page"}],"author":[{"embeddable":true,"href":"https:\/\/www.szentkiralyi.hu\/tehetsegek\/wp-json\/wp\/v2\/users\/1"}],"replies":[{"embeddable":true,"href":"https:\/\/www.szentkiralyi.hu\/tehetsegek\/wp-json\/wp\/v2\/comments?post=1017"}],"version-history":[{"count":11,"href":"https:\/\/www.szentkiralyi.hu\/tehetsegek\/wp-json\/wp\/v2\/pages\/1017\/revisions"}],"predecessor-version":[{"id":1051,"href":"https:\/\/www.szentkiralyi.hu\/tehetsegek\/wp-json\/wp\/v2\/pages\/1017\/revisions\/1051"}],"wp:attachment":[{"href":"https:\/\/www.szentkiralyi.hu\/tehetsegek\/wp-json\/wp\/v2\/media?parent=1017"}],"curies":[{"name":"wp","href":"https:\/\/api.w.org\/{rel}","templated":true}]}}